{"id":75,"date":"2021-08-20T22:42:21","date_gmt":"2021-08-20T20:42:21","guid":{"rendered":"https:\/\/seitrans.noblogs.org\/?page_id=75"},"modified":"2021-10-06T13:47:14","modified_gmt":"2021-10-06T11:47:14","slug":"sobre-nosotrxs","status":"publish","type":"page","link":"https:\/\/seitrans.noblogs.org\/es\/sobre-nosotrxs\/","title":{"rendered":"Quienes somos"},"content":{"rendered":"<p><!--more--><\/p>\n<h5><a href=\"https:\/\/seitrans.noblogs.org\/chi-siamo\">[Italiano]<\/a>\u00a0 <a href=\"https:\/\/seitrans.noblogs.org\/es\/\">[Espanol]<\/a>\u00a0 <a href=\"https:\/\/seitrans.noblogs.org\/fr\/a-propos-de-nous\">[Fran\u00e7ais]<\/a>\u00a0 <a href=\"https:\/\/seitrans.noblogs.org\/en_US\/about-us\">[English]<\/a><\/h5>\n<h2>Estamos recogiendo experiencias e informaciones sobre servicios para personas trans* en Piemonte.<\/h2>\n<p><strong>Si has empezado o completado tu proceso de transici\u00f3n en Piemonte o tienes la intenci\u00f3n de empezarlo y ya has contactado el servicio\/punto de contacto de referencia, puedes recopilar el breve cuestionario que encontrar\u00e1s aqu\u00ed:<\/strong><\/p>\n<p style=\"text-align: center\"><a href=\"https:\/\/framaforms.org\/recogida-experiencias-sobre-los-procesos-de-transicion-de-genero-en-piemonte-1630154735\"><span style=\"color: #e81396\"><strong>https:\/\/framaforms.org\/recogida-experiencias-sobre-los-procesos-de-transicion-de-genero-en-piemonte-1630154735<\/strong><\/span><\/a><\/p>\n<blockquote><p>Somos un grupo informal de personas trans^, no binarias y aliades.<\/p>\n<p>Muches de nosotres hemos empezado o estamos a punto de empezar un proceso de transici\u00f3n en Piemonte. A partir de la comparaci\u00f3n e intercambio de historias descubrimos que nuestras experiencias tienen algunos rasgos en com\u00fan: en esta delicada fase de nuestras vidas nos encontramos teniendo que sufrir una violencia muy fuerte.<\/p><\/blockquote>\n<p><strong>La violencia de la espera:<\/strong> en el \u00fanico hospital p\u00fablico que atiende a usuario trans y no binario en Piemonte y Valle d\u2019Aosta, la espera para el primero coloquio dura de nueve a doce meses. La poblaci\u00f3n trans y no binaria se encuentra entre las m\u00e1s expuestas al riesgo de suicidio, especialmente en esta fase que antecede al inicio del proceso. A la espera inicial se suman las por la prescripci\u00f3n de tratamiento hormonal (al menos otros seis meses) y por los informes (doce meses m\u00e1s) que autorizan el cambio de nombre en el registro (de tres meses a un a\u00f1o por la sentencia) y las eventuales intervenciones quir\u00fargicas (aproximadamente otros seis meses para las listas de espera).<\/p>\n<p><strong>La violencia del juicio:<\/strong> algunes de les profesionales que deber\u00edan escuchar nuestras necesidades con respecto al proceso de transici\u00f3n, en cambio, se colocan en una posici\u00f3n de juicio al retrasar, establecer condiciones (por ejemplo, la ingesta preliminar de psicof\u00e1rmacos) o incluso impedir el proceso de transici\u00f3n.<\/p>\n<p><strong>La violencia de la homologaci\u00f3n:<\/strong> cada persona trans o no binaria experimenta el g\u00e9nero a su manera particular. Rechazamos la visi\u00f3n a menudo propuesta de un proceso estandardizado, igual para todes, al que las personas solicitantes deben someterse.<\/p>\n<p><strong>La violencia del diagn\u00f3stico:<\/strong> ser personas trans* y\/o no binarias significa vivir el g\u00e9nero de manera diferente a las imposiciones de la norma hetero y cisg\u00e9nero, no nos afecta ninguna enfermedad, nos negamos a encasillarnos en tablas agobiantes. Queremos ser protagonistas de las decisiones que afectan nuestras existencias, nuestra salud, nuestro cuerpo.<\/p>\n<p><strong>\u00bfQu\u00e9 queremos?<\/strong><\/p>\n<p><strong>Agilizaci\u00f3n de las listas de espera y descentralizaci\u00f3n:<\/strong> m\u00e1s recursos para personas trans* y no binarias. M\u00e1s personal, m\u00e1s centros, mejor distribuidos por el territorio.<\/p>\n<p><strong>Formaci\u00f3n:<\/strong> personal m\u00e1s preparado, m\u00e1s acogedor, menos cr\u00edtico. Pedimos protecci\u00f3n para nuestra salud, no patologizaci\u00f3n.<\/p>\n<p><strong>Acceso universal:<\/strong> acceso simplificado y gratuito para personas migrantes sin papeles.<\/p>\n<p><strong>Hormonas:<\/strong> prescripci\u00f3n r\u00e1pida de terapias hormonales, autonom\u00eda en la elecci\u00f3n de los efectos (queremos opinar sobre qu\u00e9 tipo de medicamentos tomar y en qu\u00e9 cantidad).<\/p>\n<p>Puede escribirnos: seitrans [at] bruttocarattere.org<\/p>\n","protected":false},"excerpt":{"rendered":"","protected":false},"author":16857,"featured_media":0,"parent":0,"menu_order":0,"comment_status":"closed","ping_status":"closed","template":"","meta":{"_locale":"es_ES","_original_post":"https:\/\/seitrans.noblogs.org\/?page_id=13","footnotes":""},"class_list":["post-75","page","type-page","status-publish","hentry","es-ES"],"_links":{"self":[{"href":"https:\/\/seitrans.noblogs.org\/wp-json\/wp\/v2\/pages\/75","targetHints":{"allow":["GET"]}}],"collection":[{"href":"https:\/\/seitrans.noblogs.org\/wp-json\/wp\/v2\/pages"}],"about":[{"href":"https:\/\/seitrans.noblogs.org\/wp-json\/wp\/v2\/types\/page"}],"author":[{"embeddable":true,"href":"https:\/\/seitrans.noblogs.org\/wp-json\/wp\/v2\/users\/16857"}],"replies":[{"embeddable":true,"href":"https:\/\/seitrans.noblogs.org\/wp-json\/wp\/v2\/comments?post=75"}],"version-history":[{"count":12,"href":"https:\/\/seitrans.noblogs.org\/wp-json\/wp\/v2\/pages\/75\/revisions"}],"predecessor-version":[{"id":149,"href":"https:\/\/seitrans.noblogs.org\/wp-json\/wp\/v2\/pages\/75\/revisions\/149"}],"wp:attachment":[{"href":"https:\/\/seitrans.noblogs.org\/wp-json\/wp\/v2\/media?parent=75"}],"curies":[{"name":"wp","href":"https:\/\/api.w.org\/{rel}","templated":true}]}}