{"id":65,"date":"2021-08-20T22:30:46","date_gmt":"2021-08-20T20:30:46","guid":{"rendered":"https:\/\/seitrans.noblogs.org\/?page_id=65"},"modified":"2022-01-06T19:25:56","modified_gmt":"2022-01-06T18:25:56","slug":"a-propos-de-nous","status":"publish","type":"page","link":"https:\/\/seitrans.noblogs.org\/fr\/a-propos-de-nous\/","title":{"rendered":"\u00e0 propos de nous"},"content":{"rendered":"<p><!--more--><\/p>\n<blockquote>\n<h5><em><a href=\"https:\/\/seitrans.noblogs.org\/chi-siamo\">[Italiano]<\/a>\u00a0 <a href=\"https:\/\/seitrans.noblogs.org\/es\/\">[Espanol]<\/a>\u00a0 <a href=\"https:\/\/seitrans.noblogs.org\/fr\/a-propos-de-nous\">[Fran\u00e7ais]<\/a>\u00a0 <a href=\"https:\/\/seitrans.noblogs.org\/en_US\/about-us\">[English]<\/a><\/em><\/h5>\n<\/blockquote>\n<h2><span class=\"author-a-liz74zyz72zz86zg0qz68zsydz122zz69zz66z\">Nous recueillons des exp\u00e9riences et des rapports sur les services pour les personnes trans* dans la r\u00e9gion du Pi\u00e9mont.<\/span><\/h2>\n<p><strong><span class=\"author-a-liz74zyz72zz86zg0qz68zsydz122zz69zz66z\">Si vous avez commenc\u00e9 ou termin\u00e9 votre parcours de transition dans la r\u00e9gion du Pi\u00e9mont ou si vous avez l&rsquo;intention de le commencer et vous avez d\u00e9j\u00e0 contact\u00e9 le service\/centre d&rsquo;\u00e9coute que vous avez choisi, vous pouvez r\u00e9pondre au court questionnaire que vous trouverez ici :<\/span><\/strong><\/p>\n<div class=\"ace-line\" style=\"text-align: center\">\n<p><a href=\"https:\/\/framaforms.org\/recueil-dexperiences-sur-les-parcours-de-transition-de-genre-dans-la-region-du-piemont-1630160196\"><span class=\"author-a-liz74zyz72zz86zg0qz68zsydz122zz69zz66z\"><strong><span style=\"color: #e6078c\">https:\/\/framaforms.org\/recueil-dexperiences-sur-les-parcours-de-transition-de-genre-dans-la-region-du-piemont-1630160196\u00a0<\/span><\/strong><\/span><\/a><\/p>\n<\/div>\n<div class=\"ace-line\" style=\"text-align: center\">\n<blockquote>\n<p style=\"text-align: left\"><span class=\"author-a-liz74zyz72zz86zg0qz68zsydz122zz69zz66z b\">Nous sommes un groupe informel de personnes trans^, non binaires et alli\u00e9es.<\/span><\/p>\n<p style=\"text-align: left\"><span class=\"author-a-liz74zyz72zz86zg0qz68zsydz122zz69zz66z\">Beaucoup d&rsquo;entre nous ont entrepris ou sont sur le point d&rsquo;entreprendre\u00a0un parcours de transition en Pi\u00e9mont. En dialoguant entre nous et \u00e0 partir de l&rsquo;\u00e9change d&rsquo;histoires, nous avons\u00a0compris que nos exp\u00e9riences ont des points communs : dans cette phase d\u00e9licate de nos vies, nous subissons une violence tr\u00e8s lourde.<\/span><\/p>\n<\/blockquote>\n<p style=\"text-align: left\"><strong>La violence de l&rsquo;attente:<\/strong> dans le seul h\u00f4pital public au service des\u00a0personnes trans et non binaires du Pi\u00e9mont et du Vall\u00e9e d&rsquo;Aoste, pour le premier entretien on doit attendre de neuf \u00e0 douze mois. La population trans et non binaire est parmi les plus expos\u00e9es au risque suicidaire, surtout dans cette phase qui pr\u00e9c\u00e8de le d\u00e9but du parcours. A l&rsquo;attente initiale s&rsquo;ajoutent celles de la prescription d&rsquo;un traitement hormonal (au moins six mois suppl\u00e9mentaires) et des relations psychologique et endocrinologique (douze mois suppl\u00e9mentaires) qui autorisent un changement des papiers d&rsquo;identit\u00e9 au bureau d&rsquo;enregistrement (de trois mois \u00e0 un an pour une d\u00e9cision de la cour) et d&rsquo;\u00e9ventuelles op\u00e9rations chirurgicales (environ six autres mois pour les listes d&rsquo;attente).<\/p>\n<p style=\"text-align: left\"><strong>La violence du jugement:<\/strong> certains des professionnels qui devraient \u00eatre \u00e0 l&rsquo;\u00e9coute de nos besoins concernant le parcours de transition se placent plut\u00f4t en position de jugement en retardant, en posant des conditions (par exemple la prise pr\u00e9alable de m\u00e9dicaments psychotropes) ou en emp\u00eachant le parcours de transition.<\/p>\n<p style=\"text-align: left\"><strong>La violence de l&rsquo;homologation:<\/strong> chaque personne trans^ ou non binaire vit le genre \u00e0 sa mani\u00e8re: nous rejetons la vision souvent propos\u00e9e d&rsquo;un parcours standardis\u00e9, le m\u00eame pour tous, auquel les personnes devraient se soumettre.<\/p>\n<p style=\"text-align: left\"><strong>La violence du diagnostic:<\/strong> \u00eatre des personnes trans* et\/ou non binaires, c&rsquo;est vivre le genre diff\u00e9remment des impositions de la norme h\u00e9t\u00e9ro et cisgenre, nous ne sommes touch\u00e9s par aucune maladie, nous refusons d&rsquo;\u00eatre catalogu\u00e9s dans des\u00a0tableaux asphyxi\u00e9s. Nous voulons \u00eatre protagonistes des choix qui affectent notre vie, notre sant\u00e9, nos corps.<\/p>\n<p style=\"text-align: left\"><strong>Que voulons-nous?<\/strong><\/p>\n<p style=\"text-align: left\"><strong>Rationalisation des listes d&rsquo;attente et d\u00e9centralisation:<\/strong> plus de ressources pour les personnes trans* et non binaires. Plus de personnel, plus de centres, mieux r\u00e9partis sur tout le territoire.<\/p>\n<p style=\"text-align: left\"><strong>Formation:<\/strong> personnel mieux pr\u00e9par\u00e9, plus accueillant, moins critique. Nous demandons la protection de notre sant\u00e9, pas la pathologisation.<\/p>\n<p style=\"text-align: left\"><strong>Acc\u00e8s universel:<\/strong> acc\u00e8s simplifi\u00e9 et gratuit pour les personnes\u00a0sans-papiers.<\/p>\n<p style=\"text-align: left\"><strong>Hormones:<\/strong> prescriptions rapides des traitements hormonals, autonomie dans le choix des effets (on veut choisir quel type de m\u00e9dicaments prendre et en quelle quantit\u00e9).<\/p>\n<p style=\"text-align: left\">Vous pouvez nous \u00e9crire: seitrans [at] bruttocarattere.org<\/p>\n<\/div>\n","protected":false},"excerpt":{"rendered":"","protected":false},"author":16857,"featured_media":0,"parent":0,"menu_order":0,"comment_status":"closed","ping_status":"closed","template":"","meta":{"_locale":"fr_FR","_original_post":"https:\/\/seitrans.noblogs.org\/?page_id=13","footnotes":""},"class_list":["post-65","page","type-page","status-publish","hentry","fr-FR"],"_links":{"self":[{"href":"https:\/\/seitrans.noblogs.org\/wp-json\/wp\/v2\/pages\/65","targetHints":{"allow":["GET"]}}],"collection":[{"href":"https:\/\/seitrans.noblogs.org\/wp-json\/wp\/v2\/pages"}],"about":[{"href":"https:\/\/seitrans.noblogs.org\/wp-json\/wp\/v2\/types\/page"}],"author":[{"embeddable":true,"href":"https:\/\/seitrans.noblogs.org\/wp-json\/wp\/v2\/users\/16857"}],"replies":[{"embeddable":true,"href":"https:\/\/seitrans.noblogs.org\/wp-json\/wp\/v2\/comments?post=65"}],"version-history":[{"count":10,"href":"https:\/\/seitrans.noblogs.org\/wp-json\/wp\/v2\/pages\/65\/revisions"}],"predecessor-version":[{"id":151,"href":"https:\/\/seitrans.noblogs.org\/wp-json\/wp\/v2\/pages\/65\/revisions\/151"}],"wp:attachment":[{"href":"https:\/\/seitrans.noblogs.org\/wp-json\/wp\/v2\/media?parent=65"}],"curies":[{"name":"wp","href":"https:\/\/api.w.org\/{rel}","templated":true}]}}